{"id":441,"date":"2017-11-24T10:25:55","date_gmt":"2017-11-24T10:25:55","guid":{"rendered":"https:\/\/autosoit.ee\/?page_id=441"},"modified":"2025-08-29T16:05:07","modified_gmt":"2025-08-29T13:05:07","slug":"firmast","status":"publish","type":"page","link":"https:\/\/aram.autosoit.ee\/en\/firmast\/","title":{"rendered":"About us"},"content":{"rendered":"<div class=\"wpb-content-wrapper\"><section class=\"l-section wpb_row height_auto\" style=\"margin-bottom: 0px !important;padding-top: 40px !important;padding-bottom: 0px !important;\"><div class=\"l-section-h i-cf\"><div class=\"g-cols vc_row type_default valign_top\"><div class=\"vc_col-sm-12 wpb_column vc_column_container\"><div class=\"vc_column-inner\"><div class=\"wpb_wrapper\"><div class=\"g-cols wpb_row type_boxes valign_top vc_inner \"><div class=\"vc_col-sm-6 wpb_column vc_column_container has-fill\"><div class=\"vc_column-inner  vc_custom_1522703935529\"><div class=\"wpb_wrapper\">\n\t<div class=\"wpb_text_column \">\n\t\t<div class=\"wpb_wrapper\">\n\t\t\t<p>Autos\u00f5it is active since 2002, being the biggest driving school and business engaged in traffic education in Estonia.<\/p>\n<p>We offer our clients a pleasant and professional driving training and help in questions dealing with applying for a driving licence.<\/p>\n<p>Our strategy is to offer the most broad and easily accessible choice of traffic training; to this end we contribute to service standards and <a href=\"\/en\/kontakt\/\">local networks<\/a> all over Estonia.<\/p>\n<p>There are suitable trainings for applicants of provisional <a href=\"\/en\/juhiload\/b-kategooria-algaste\/\">driving licences<\/a>, <a href=\"\/en\/juhiload\/b-kategooria-loppaste\/\">final stage training<\/a>, <a href=\"\/en\/juhiload\/a-kategooria-mootoratta-juhiluba\/\">motorcyclists<\/a>, <a href=\"\/en\/juhiload\/c-kategooria\/\">persons wishing to drive trucks and trailers<\/a>, and professionals who are looking for <a href=\"\/en\/veoautojuhi-ametikoolitus\/\">professional training<\/a>. We also offer traffic education for children and <a href=\"\/en\/juhiload\/am-kategooria-mopeedijuhi-rollerijuhi-koolitus\/\">moped training<\/a>.<\/p>\n\n\t\t<\/div>\n\t<\/div>\n<\/div><\/div><\/div><div class=\"vc_col-sm-6 wpb_column vc_column_container has-fill\"><div class=\"vc_column-inner  vc_custom_1522703957355\"><div class=\"wpb_wrapper\">\n\t<div class=\"wpb_text_column \">\n\t\t<div class=\"wpb_wrapper\">\n\t\t\t<p>Autos\u00f5it O\u00dc has <a href=\"\/en\/kontakt\/\">12 offices in Estonia<\/a>: Driving schools in Tallinn, Tartu, Rakvere, P\u00e4rnu, Viljandi, Paide, V\u00f5ru, Valga, Haapsalu, J\u00f5hvi, J\u00f5geva, Saue, Aseri where we offer trainings in 16 classrooms.<\/p>\n<p>We have developed a modern <a href=\"https:\/\/e-autokool.eu\/?&amp;new_lang=2\" target=\"_blank\" rel=\"noopener\">e-course<\/a> environment which makes it possible to study wherever you are.<\/p>\n<p>We have more than <strong>80 various<\/strong> vehicles that we use to offer our services, and specialists to help you.<\/p>\n<p>We have three all-year-round <a href=\"\/en\/erikoolitused\/ohutu-ja-libedasoit\/\">slippery tracks<\/a> in Tallinn, Tartu and Aseri, where we organise various trainings, client days, <a href=\"\/en\/firmast\/libedarada\/\">company events and car presentations<\/a>.<\/p>\n\n\t\t<\/div>\n\t<\/div>\n<\/div><\/div><\/div><\/div><\/div><\/div><\/div><\/div><\/div><\/section><section class=\"l-section wpb_row height_medium with_overlay border-top-title-section tagasiside-row\" id=\"partnerid\"><div class=\"l-section-overlay\" style=\"background-color: #f9f9f9\"><\/div><div class=\"l-section-h i-cf\"><div class=\"g-cols vc_row type_default valign_top\"><div class=\"vc_col-sm-12 wpb_column vc_column_container\"><div class=\"vc_column-inner\"><div class=\"wpb_wrapper\"><div class=\"g-cols wpb_row type_default valign_top vc_inner \"><div class=\"vc_col-sm-12 wpb_column vc_column_container text-center\"><div class=\"vc_column-inner  vc_custom_1511127978975\"><div class=\"wpb_wrapper\">[vc_custom_heading text=&#8221;Our partners&#8221; font_container=&#8221;tag:h4|font_size:30|text_align:left|color:%23000000|line_height:36px&#8221; google_fonts=&#8221;font_family:Roboto%3A100%2C100italic%2C300%2C300italic%2Cregular%2Citalic%2C500%2C500italic%2C700%2C700italic%2C900%2C900italic|font_style:300%20light%20regular%3A300%3Anormal&#8221; el_class=&#8221;border-top-title&#8221;]<\/div><\/div><\/div><\/div><div class=\"g-cols wpb_row type_boxes valign_top vc_inner  vc_custom_1523312320833\"><div class=\"vc_col-sm-3 wpb_column vc_column_container has-fill\"><div class=\"vc_column-inner  vc_custom_1523312194699\"><div class=\"wpb_wrapper\">[vc_custom_heading text=&#8221;Government institutions:&#8221; font_container=&#8221;tag:p|font_size:20|text_align:left|color:%232b2b2b&#8221; google_fonts=&#8221;font_family:Roboto%3A100%2C100italic%2C300%2C300italic%2Cregular%2Citalic%2C500%2C500italic%2C700%2C700italic%2C900%2C900italic|font_style:700%20bold%20regular%3A700%3Anormal&#8221;]\n\t<div class=\"wpb_text_column \">\n\t\t<div class=\"wpb_wrapper\">\n\t\t\t<ul>\n<li>Ministry of Foreign Affairs<\/li>\n<li>Transport Administration<\/li>\n<li>Estonian Defense Forces<\/li>\n<li>Estonian Police<\/li>\n<li>Tallinn Prison<\/li>\n<li>Allied forces \/ NATO<\/li>\n<li>Tartu Ambulance<\/li>\n<li>Tartu Prison<\/li>\n<li>Viru Prison<\/li>\n<\/ul>\n\n\t\t<\/div>\n\t<\/div>\n<\/div><\/div><\/div><div class=\"vc_col-sm-3 wpb_column vc_column_container has-fill\"><div class=\"vc_column-inner  vc_custom_1523312227273\"><div class=\"wpb_wrapper\">[vc_custom_heading text=&#8221;Private sector:&#8221; font_container=&#8221;tag:p|font_size:20|text_align:left|color:%232b2b2b&#8221; google_fonts=&#8221;font_family:Roboto%3A100%2C100italic%2C300%2C300italic%2Cregular%2Citalic%2C500%2C500italic%2C700%2C700italic%2C900%2C900italic|font_style:700%20bold%20regular%3A700%3Anormal&#8221;]\n\t<div class=\"wpb_text_column \">\n\t\t<div class=\"wpb_wrapper\">\n\t\t\t<ul>\n<li>AstraZeneca Eesti O\u00dc<\/li>\n<li>Tallinna Vesi<\/li>\n<li>ALD Automotive Eesti AS<\/li>\n<li>Amserv<\/li>\n<li>Toyota Balti<\/li>\n<li>Hansabuss<\/li>\n<li>Hansarent<\/li>\n<li>ABB AS<\/li>\n<\/ul>\n\n\t\t<\/div>\n\t<\/div>\n<\/div><\/div><\/div><div class=\"vc_col-sm-3 wpb_column vc_column_container has-fill\"><div class=\"vc_column-inner  vc_custom_1523312233916\"><div class=\"wpb_wrapper\">[vc_empty_space height=&#8221;52&#8243;]\n\t<div class=\"wpb_text_column \">\n\t\t<div class=\"wpb_wrapper\">\n\t\t\t<ul>\n<li>Jeldwen Eesti AS<\/li>\n<li>TS Laevad O\u00dc<\/li>\n<li>Bayer O\u00dc<\/li>\n<li>Boehringer ingelheim rcv gmbh &amp; co kg eesti filiaal<\/li>\n<li>Siemens Osakeyhti\u00f6 Eesti filiaal<\/li>\n<li>DriveTech International<\/li>\n<li>GlaxoSmithKline Eesti O\u00dc<\/li>\n<\/ul>\n\n\t\t<\/div>\n\t<\/div>\n<\/div><\/div><\/div><div class=\"vc_col-sm-3 wpb_column vc_column_container has-fill\"><div class=\"vc_column-inner  vc_custom_1523312243749\"><div class=\"wpb_wrapper\">[vc_empty_space height=&#8221;52&#8243;]\n\t<div class=\"wpb_text_column \">\n\t\t<div class=\"wpb_wrapper\">\n\t\t\t<ul>\n<li>Sanofi-aventis Estonia O\u00dc<\/li>\n<li>Roche Eesti O\u00dc<\/li>\n<li>AS G4S Eesti<\/li>\n<li>AS Coca-Cola HBC Eesti<\/li>\n<li>Orica Eesti O\u00dc<\/li>\n<li>Konekesko Eesti AS<\/li>\n<li>Jazz Pesulad<\/li>\n<\/ul>\n\n\t\t<\/div>\n\t<\/div>\n<\/div><\/div><\/div><\/div><div class=\"g-cols wpb_row type_boxes valign_top vc_inner  vc_custom_1523312278523\"><div class=\"vc_col-sm-3 wpb_column vc_column_container has-fill\"><div class=\"vc_column-inner  vc_custom_1523312078023\"><div class=\"wpb_wrapper\">[vc_custom_heading text=&#8221;Educational institutions:&#8221; font_container=&#8221;tag:p|font_size:20|text_align:left|color:%232b2b2b&#8221; google_fonts=&#8221;font_family:Roboto%3A100%2C100italic%2C300%2C300italic%2Cregular%2Citalic%2C500%2C500italic%2C700%2C700italic%2C900%2C900italic|font_style:700%20bold%20regular%3A700%3Anormal&#8221;]\n\t<div class=\"wpb_text_column \">\n\t\t<div class=\"wpb_wrapper\">\n\t\t\t<ul>\n<li>Tallinna \u00dclikool<\/li>\n<li>Tallinna Tehnikak\u00f5rgkool<\/li>\n<li>Eesti Ettev\u00f5tlusk\u00f5rgkool Mainor<\/li>\n<li>Sisekaitseakadeemia<\/li>\n<li>Saue Riigig\u00fcmnaasium<\/li>\n<li>Laagri Kool<\/li>\n<li>Saku G\u00fcmnaasium<\/li>\n<li>Pirita Majandusg\u00fcmnaasium<\/li>\n<li>Pelgulinna G\u00fcmnaasium<\/li>\n<li>Jakob Westholmi G\u00fcmnaasium<\/li>\n<li>Mustam\u00e4e Reaalg\u00fcmnaasium<\/li>\n<li>Tallinna T\u00f6\u00f6stushariduskeskus<\/li>\n<\/ul>\n\n\t\t<\/div>\n\t<\/div>\n<\/div><\/div><\/div><div class=\"vc_col-sm-3 wpb_column vc_column_container has-fill\"><div class=\"vc_column-inner  vc_custom_1523312072246\"><div class=\"wpb_wrapper\">[vc_empty_space height=&#8221;52&#8243;]\n\t<div class=\"wpb_text_column \">\n\t\t<div class=\"wpb_wrapper\">\n\t\t\t<ul>\n<li>Eesti Maa\u00fclikool<\/li>\n<li>Tartu Tervishoiu K\u00f5rgkool<\/li>\n<li>Elva G\u00fcmnaasium<\/li>\n<li>Oskar Lutsu Palamuse P\u00f5hikool<\/li>\n<li>Luua Metsanduskool<\/li>\n<li>Valga G\u00fcmnaasium<\/li>\n<li>Kanepi G\u00fcmnaasium<\/li>\n<li>Vastseliina G\u00fcmnaasium<\/li>\n<li>Tartu Tamme G\u00fcmnaasium<\/li>\n<li>Hugo Treffneri G\u00fcmnaasium<\/li>\n<li>Miina H\u00e4rma G\u00fcmnaasium<\/li>\n<li>J\u00f5geva G\u00fcmnaasium<\/li>\n<li>L\u00e4hte \u00dchisg\u00fcmnaasium<\/li>\n<\/ul>\n\n\t\t<\/div>\n\t<\/div>\n<\/div><\/div><\/div><div class=\"vc_col-sm-3 wpb_column vc_column_container has-fill\"><div class=\"vc_column-inner  vc_custom_1523312088710\"><div class=\"wpb_wrapper\">[vc_empty_space height=&#8221;52&#8243;]\n\t<div class=\"wpb_text_column \">\n\t\t<div class=\"wpb_wrapper\">\n\t\t\t<ul>\n<li>Rakvere Riigig\u00fcmnaasium<\/li>\n<li>V\u00e4ike-Maarja G\u00fcmnaasium<\/li>\n<li>Kohtla-J\u00e4rve Riigig\u00fcmnaasium<\/li>\n<li>Vinni-Pajusti G\u00fcmnaasium<\/li>\n<li>Rakvere Erag\u00fcmnaasium<\/li>\n<\/ul>\n\n\t\t<\/div>\n\t<\/div>\n<\/div><\/div><\/div><div class=\"vc_col-sm-3 wpb_column vc_column_container has-fill\"><div class=\"vc_column-inner  vc_custom_1523312100564\"><div class=\"wpb_wrapper\">[vc_empty_space height=&#8221;52&#8243;]\n\t<div class=\"wpb_text_column \">\n\t\t<div class=\"wpb_wrapper\">\n\t\t\t<ul>\n<li>Tallinna \u00dclikooli Haapsalu Kolled\u017e<\/li>\n<li>V\u00e4ndra G\u00fcmnaasium<\/li>\n<li>Sindi G\u00fcmnaasium<\/li>\n<li>L\u00e4\u00e4neranna G\u00fcmnaasium<\/li>\n<\/ul>\n\n\t\t<\/div>\n\t<\/div>\n<\/div><\/div><\/div><\/div>[vc_empty_space]<\/div><\/div><\/div><\/div><\/div><\/section>\n<\/div>","protected":false},"excerpt":{"rendered":"Autos\u00f5it is active since 2002, being the biggest driving school and business engaged in traffic education in Estonia. We offer...","protected":false},"author":9,"featured_media":0,"parent":0,"menu_order":0,"comment_status":"closed","ping_status":"closed","template":"","meta":{"footnotes":""},"class_list":["post-441","page","type-page","status-publish","hentry"],"yoast_head":"<!-- This site is optimized with the Yoast SEO plugin v26.7 - https:\/\/yoast.com\/wordpress\/plugins\/seo\/ -->\n<title>About us - Autos\u00f5it<\/title>\n<meta name=\"robots\" content=\"noindex, follow, max-snippet:-1, max-image-preview:large, max-video-preview:-1\" \/>\n<meta property=\"og:locale\" content=\"en_US\" \/>\n<meta property=\"og:type\" content=\"article\" \/>\n<meta property=\"og:title\" content=\"About us - Autos\u00f5it\" \/>\n<meta property=\"og:url\" content=\"https:\/\/aram.autosoit.ee\/firmast\/\" \/>\n<meta property=\"og:site_name\" content=\"Autos\u00f5it\" \/>\n<meta property=\"article:modified_time\" content=\"2025-08-29T13:05:07+00:00\" \/>\n<meta name=\"twitter:card\" content=\"summary_large_image\" \/>\n<meta name=\"twitter:label1\" content=\"Est. reading time\" \/>\n\t<meta name=\"twitter:data1\" content=\"5 minutes\" \/>\n<script type=\"application\/ld+json\" class=\"yoast-schema-graph\">{\"@context\":\"https:\/\/schema.org\",\"@graph\":[{\"@type\":\"WebPage\",\"@id\":\"https:\/\/aram.autosoit.ee\/firmast\/\",\"url\":\"https:\/\/aram.autosoit.ee\/firmast\/\",\"name\":\"About us - Autos\u00f5it\",\"isPartOf\":{\"@id\":\"https:\/\/aram.autosoit.ee\/#website\"},\"datePublished\":\"2017-11-24T10:25:55+00:00\",\"dateModified\":\"2025-08-29T13:05:07+00:00\",\"breadcrumb\":{\"@id\":\"https:\/\/aram.autosoit.ee\/firmast\/#breadcrumb\"},\"inLanguage\":\"en-US\",\"potentialAction\":[{\"@type\":\"ReadAction\",\"target\":[\"https:\/\/aram.autosoit.ee\/firmast\/\"]}]},{\"@type\":\"BreadcrumbList\",\"@id\":\"https:\/\/aram.autosoit.ee\/firmast\/#breadcrumb\",\"itemListElement\":[{\"@type\":\"ListItem\",\"position\":1,\"name\":\"Home\",\"item\":\"https:\/\/aram.autosoit.ee\/\"},{\"@type\":\"ListItem\",\"position\":2,\"name\":\"About us\"}]},{\"@type\":\"WebSite\",\"@id\":\"https:\/\/aram.autosoit.ee\/#website\",\"url\":\"https:\/\/aram.autosoit.ee\/\",\"name\":\"Autos\u00f5it\",\"description\":\"Ohutu s\u00f5idu kool\",\"potentialAction\":[{\"@type\":\"SearchAction\",\"target\":{\"@type\":\"EntryPoint\",\"urlTemplate\":\"https:\/\/aram.autosoit.ee\/?s={search_term_string}\"},\"query-input\":{\"@type\":\"PropertyValueSpecification\",\"valueRequired\":true,\"valueName\":\"search_term_string\"}}],\"inLanguage\":\"en-US\"}]}<\/script>\n<!-- \/ Yoast SEO plugin. -->","yoast_head_json":{"title":"About us - Autos\u00f5it","robots":{"index":"noindex","follow":"follow","max-snippet":"max-snippet:-1","max-image-preview":"max-image-preview:large","max-video-preview":"max-video-preview:-1"},"og_locale":"en_US","og_type":"article","og_title":"About us - Autos\u00f5it","og_url":"https:\/\/aram.autosoit.ee\/firmast\/","og_site_name":"Autos\u00f5it","article_modified_time":"2025-08-29T13:05:07+00:00","twitter_card":"summary_large_image","twitter_misc":{"Est. reading time":"5 minutes"},"schema":{"@context":"https:\/\/schema.org","@graph":[{"@type":"WebPage","@id":"https:\/\/aram.autosoit.ee\/firmast\/","url":"https:\/\/aram.autosoit.ee\/firmast\/","name":"About us - Autos\u00f5it","isPartOf":{"@id":"https:\/\/aram.autosoit.ee\/#website"},"datePublished":"2017-11-24T10:25:55+00:00","dateModified":"2025-08-29T13:05:07+00:00","breadcrumb":{"@id":"https:\/\/aram.autosoit.ee\/firmast\/#breadcrumb"},"inLanguage":"en-US","potentialAction":[{"@type":"ReadAction","target":["https:\/\/aram.autosoit.ee\/firmast\/"]}]},{"@type":"BreadcrumbList","@id":"https:\/\/aram.autosoit.ee\/firmast\/#breadcrumb","itemListElement":[{"@type":"ListItem","position":1,"name":"Home","item":"https:\/\/aram.autosoit.ee\/"},{"@type":"ListItem","position":2,"name":"About us"}]},{"@type":"WebSite","@id":"https:\/\/aram.autosoit.ee\/#website","url":"https:\/\/aram.autosoit.ee\/","name":"Autos\u00f5it","description":"Ohutu s\u00f5idu kool","potentialAction":[{"@type":"SearchAction","target":{"@type":"EntryPoint","urlTemplate":"https:\/\/aram.autosoit.ee\/?s={search_term_string}"},"query-input":{"@type":"PropertyValueSpecification","valueRequired":true,"valueName":"search_term_string"}}],"inLanguage":"en-US"}]}},"_links":{"self":[{"href":"https:\/\/aram.autosoit.ee\/en\/wp-json\/wp\/v2\/pages\/441","targetHints":{"allow":["GET"]}}],"collection":[{"href":"https:\/\/aram.autosoit.ee\/en\/wp-json\/wp\/v2\/pages"}],"about":[{"href":"https:\/\/aram.autosoit.ee\/en\/wp-json\/wp\/v2\/types\/page"}],"author":[{"embeddable":true,"href":"https:\/\/aram.autosoit.ee\/en\/wp-json\/wp\/v2\/users\/9"}],"replies":[{"embeddable":true,"href":"https:\/\/aram.autosoit.ee\/en\/wp-json\/wp\/v2\/comments?post=441"}],"version-history":[{"count":1,"href":"https:\/\/aram.autosoit.ee\/en\/wp-json\/wp\/v2\/pages\/441\/revisions"}],"predecessor-version":[{"id":5797,"href":"https:\/\/aram.autosoit.ee\/en\/wp-json\/wp\/v2\/pages\/441\/revisions\/5797"}],"wp:attachment":[{"href":"https:\/\/aram.autosoit.ee\/en\/wp-json\/wp\/v2\/media?parent=441"}],"curies":[{"name":"wp","href":"https:\/\/api.w.org\/{rel}","templated":true}]}}